{"id":19062,"date":"2024-04-16T12:09:42","date_gmt":"2024-04-16T10:09:42","guid":{"rendered":"https:\/\/test5.intermezzieditore.it\/whistleblowing\/"},"modified":"2024-06-08T08:05:39","modified_gmt":"2024-06-08T06:05:39","slug":"whistleblowing","status":"publish","type":"page","link":"https:\/\/www.sardaformaggi.it\/en\/whistleblowing\/","title":{"rendered":"Whistleblowing"},"content":{"rendered":"\t\t<div data-elementor-type=\"wp-page\" data-elementor-id=\"19062\" class=\"elementor elementor-19062 elementor-15082\">\n\t\t\t\t<div class=\"elementor-element elementor-element-a31659e e-flex e-con-boxed e-con e-parent \" data-id=\"a31659e\" data-element_type=\"container\">\t\t\t<div class=\"e-con-inner\">\r\n\t\t\t\t<div class=\"elementor-element elementor-element-ade5b52 elementor-widget elementor-widget-heading\" data-id=\"ade5b52\" data-element_type=\"widget\" data-widget_type=\"heading.default\">\n\t\t\t\t<div class=\"elementor-widget-container\">\n\t\t\t\t\t<h2 class=\"elementor-heading-title elementor-size-default\">Segnalazioni Whistleblowing<\/h2>\t\t\t\t<\/div>\n\t\t\t\t<\/div>\n\t\t\t\t<div class=\"elementor-element elementor-element-2956ae7 elementor-widget elementor-widget-text-editor\" data-id=\"2956ae7\" data-element_type=\"widget\" data-widget_type=\"text-editor.default\">\n\t\t\t\t<div class=\"elementor-widget-container\">\n\t\t\t\t\t\t\t\t\tSARDAFORMAGGI S.p.A. &#8211; Canale di segnalazione eventi potenzialmente illeciti secondo il D.Lgs.24 del 2023 Sardaformaggi SpA adotta un processo di ricezione, analisi e trattamento delle segnalazioni (anche anonime) riguardanti la Societ\u00e0. Il processo \u00e8 conforme alle novit\u00e0 normative introdotte dal D.lgs. 10 marzo 2023, n. 24 di attuazione della direttiva (UE) 2019\/1937 del Parlamento europeo e del Consiglio del 23 ottobre 2019, riguardante la protezione delle persone che segnalano violazioni del diritto dell&#8217;Unione e recante disposizioni riguardanti la protezione delle persone che segnalano violazioni delle disposizioni normative nazionali (c.d. \u201cDecreto Whistleblowing\u201d). Per l\u2019invio e la gestione delle segnalazioni Sardaformaggi SpA implementa una piattaforma informatica dedicata, che costituisce canale preferenziale per l\u2019invio delle segnalazioni.\n<br><br>\nSe vuoi fare una Segnalazione a Sardaformaggi Spa accedi alla piattaforma mediante il seguente link: <a href=\"https:\/\/sardaformaggi-segnalazioni.wallbreakers.it\">Segnalazioni<\/a>\n<br><br>\nAl link sopra indicato \u00e8 altres\u00ec fruibile il video tutorial contenente tutte le indicazioni per poter effettuare una segnalazione ai sensi del D.lgs. 10 marzo 2023, n. 24.\t\t\t\t\t\t\t\t<\/div>\n\t\t\t\t<\/div>\n\t\t\t\t\t<\/div>\r\n\t\t\t\t<\/div>\r\n\t\t\t\t<\/div>\n\t\t","protected":false},"excerpt":{"rendered":"<p>Segnalazioni Whistleblowing SARDAFORMAGGI S.p.A. &#8211; Canale di segnalazione eventi potenzialmente illeciti secondo il D.Lgs.24 del 2023 Sardaformaggi SpA adotta un processo di ricezione, analisi e trattamento delle segnalazioni (anche anonime) riguardanti la Societ\u00e0. Il processo \u00e8 conforme alle novit\u00e0 normative introdotte dal D.lgs. 10 marzo 2023, n. 24 di attuazione della direttiva (UE) 2019\/1937 del [&hellip;]<\/p>\n","protected":false},"author":3,"featured_media":0,"parent":0,"menu_order":0,"comment_status":"closed","ping_status":"closed","template":"","meta":{"footnotes":""},"class_list":["post-19062","page","type-page","status-publish","hentry"],"yoast_head":"<!-- This site is optimized with the Yoast SEO plugin v26.0 - https:\/\/yoast.com\/wordpress\/plugins\/seo\/ -->\n<title>Whistleblowing - Sardaformaggi - Dal 1963 una storia italiana di qualit\u00e0<\/title>\n<meta name=\"robots\" content=\"index, follow, max-snippet:-1, max-image-preview:large, max-video-preview:-1\" \/>\n<link rel=\"canonical\" href=\"https:\/\/www.sardaformaggi.it\/whistleblowing\/\" \/>\n<meta property=\"og:locale\" content=\"en_US\" \/>\n<meta property=\"og:type\" content=\"article\" \/>\n<meta property=\"og:title\" content=\"Whistleblowing - Sardaformaggi - Dal 1963 una storia italiana di qualit\u00e0\" \/>\n<meta property=\"og:description\" content=\"Segnalazioni Whistleblowing SARDAFORMAGGI S.p.A. &#8211; Canale di segnalazione eventi potenzialmente illeciti secondo il D.Lgs.24 del 2023 Sardaformaggi SpA adotta un processo di ricezione, analisi e trattamento delle segnalazioni (anche anonime) riguardanti la Societ\u00e0. Il processo \u00e8 conforme alle novit\u00e0 normative introdotte dal D.lgs. 10 marzo 2023, n. 24 di attuazione della direttiva (UE) 2019\/1937 del [&hellip;]\" \/>\n<meta property=\"og:url\" content=\"https:\/\/www.sardaformaggi.it\/whistleblowing\/\" \/>\n<meta property=\"og:site_name\" content=\"Sardaformaggi - Dal 1963 una storia italiana di qualit\u00e0\" \/>\n<meta property=\"article:publisher\" content=\"https:\/\/www.facebook.com\/sardaformaggi\" \/>\n<meta property=\"article:modified_time\" content=\"2024-06-08T06:05:39+00:00\" \/>\n<meta name=\"twitter:card\" content=\"summary_large_image\" \/>\n<meta name=\"twitter:site\" content=\"@sardaformaggi\" \/>\n<meta name=\"twitter:label1\" content=\"Est. reading time\" \/>\n\t<meta name=\"twitter:data1\" content=\"1 minute\" \/>\n<script type=\"application\/ld+json\" class=\"yoast-schema-graph\">{\"@context\":\"https:\/\/schema.org\",\"@graph\":[{\"@type\":\"WebPage\",\"@id\":\"https:\/\/www.sardaformaggi.it\/whistleblowing\/\",\"url\":\"https:\/\/www.sardaformaggi.it\/whistleblowing\/\",\"name\":\"Whistleblowing - Sardaformaggi - Dal 1963 una storia italiana di qualit\u00e0\",\"isPartOf\":{\"@id\":\"https:\/\/www.sardaformaggi.it\/#website\"},\"datePublished\":\"2024-04-16T10:09:42+00:00\",\"dateModified\":\"2024-06-08T06:05:39+00:00\",\"breadcrumb\":{\"@id\":\"https:\/\/www.sardaformaggi.it\/whistleblowing\/#breadcrumb\"},\"inLanguage\":\"en-US\",\"potentialAction\":[{\"@type\":\"ReadAction\",\"target\":[\"https:\/\/www.sardaformaggi.it\/whistleblowing\/\"]}]},{\"@type\":\"BreadcrumbList\",\"@id\":\"https:\/\/www.sardaformaggi.it\/whistleblowing\/#breadcrumb\",\"itemListElement\":[{\"@type\":\"ListItem\",\"position\":1,\"name\":\"Home\",\"item\":\"https:\/\/www.sardaformaggi.it\/en\/\"},{\"@type\":\"ListItem\",\"position\":2,\"name\":\"Whistleblowing\"}]},{\"@type\":\"WebSite\",\"@id\":\"https:\/\/www.sardaformaggi.it\/#website\",\"url\":\"https:\/\/www.sardaformaggi.it\/\",\"name\":\"SARDAFORMAGGI\",\"description\":\"\",\"publisher\":{\"@id\":\"https:\/\/www.sardaformaggi.it\/#organization\"},\"potentialAction\":[{\"@type\":\"SearchAction\",\"target\":{\"@type\":\"EntryPoint\",\"urlTemplate\":\"https:\/\/www.sardaformaggi.it\/?s={search_term_string}\"},\"query-input\":{\"@type\":\"PropertyValueSpecification\",\"valueRequired\":true,\"valueName\":\"search_term_string\"}}],\"inLanguage\":\"en-US\"},{\"@type\":\"Organization\",\"@id\":\"https:\/\/www.sardaformaggi.it\/#organization\",\"name\":\"SARDAFORMAGGI\",\"url\":\"https:\/\/www.sardaformaggi.it\/\",\"logo\":{\"@type\":\"ImageObject\",\"inLanguage\":\"en-US\",\"@id\":\"https:\/\/www.sardaformaggi.it\/#\/schema\/logo\/image\/\",\"url\":\"https:\/\/www.sardaformaggi.it\/wp-content\/uploads\/2024\/01\/Sardaformaggi-logo.png\",\"contentUrl\":\"https:\/\/www.sardaformaggi.it\/wp-content\/uploads\/2024\/01\/Sardaformaggi-logo.png\",\"width\":812,\"height\":394,\"caption\":\"SARDAFORMAGGI\"},\"image\":{\"@id\":\"https:\/\/www.sardaformaggi.it\/#\/schema\/logo\/image\/\"},\"sameAs\":[\"https:\/\/www.facebook.com\/sardaformaggi\",\"https:\/\/x.com\/sardaformaggi\",\"https:\/\/www.instagram.com\/sardaformaggi\/\"]}]}<\/script>\n<!-- \/ Yoast SEO plugin. -->","yoast_head_json":{"title":"Whistleblowing - Sardaformaggi - Dal 1963 una storia italiana di qualit\u00e0","robots":{"index":"index","follow":"follow","max-snippet":"max-snippet:-1","max-image-preview":"max-image-preview:large","max-video-preview":"max-video-preview:-1"},"canonical":"https:\/\/www.sardaformaggi.it\/whistleblowing\/","og_locale":"en_US","og_type":"article","og_title":"Whistleblowing - Sardaformaggi - Dal 1963 una storia italiana di qualit\u00e0","og_description":"Segnalazioni Whistleblowing SARDAFORMAGGI S.p.A. &#8211; Canale di segnalazione eventi potenzialmente illeciti secondo il D.Lgs.24 del 2023 Sardaformaggi SpA adotta un processo di ricezione, analisi e trattamento delle segnalazioni (anche anonime) riguardanti la Societ\u00e0. Il processo \u00e8 conforme alle novit\u00e0 normative introdotte dal D.lgs. 10 marzo 2023, n. 24 di attuazione della direttiva (UE) 2019\/1937 del [&hellip;]","og_url":"https:\/\/www.sardaformaggi.it\/whistleblowing\/","og_site_name":"Sardaformaggi - Dal 1963 una storia italiana di qualit\u00e0","article_publisher":"https:\/\/www.facebook.com\/sardaformaggi","article_modified_time":"2024-06-08T06:05:39+00:00","twitter_card":"summary_large_image","twitter_site":"@sardaformaggi","twitter_misc":{"Est. reading time":"1 minute"},"schema":{"@context":"https:\/\/schema.org","@graph":[{"@type":"WebPage","@id":"https:\/\/www.sardaformaggi.it\/whistleblowing\/","url":"https:\/\/www.sardaformaggi.it\/whistleblowing\/","name":"Whistleblowing - Sardaformaggi - Dal 1963 una storia italiana di qualit\u00e0","isPartOf":{"@id":"https:\/\/www.sardaformaggi.it\/#website"},"datePublished":"2024-04-16T10:09:42+00:00","dateModified":"2024-06-08T06:05:39+00:00","breadcrumb":{"@id":"https:\/\/www.sardaformaggi.it\/whistleblowing\/#breadcrumb"},"inLanguage":"en-US","potentialAction":[{"@type":"ReadAction","target":["https:\/\/www.sardaformaggi.it\/whistleblowing\/"]}]},{"@type":"BreadcrumbList","@id":"https:\/\/www.sardaformaggi.it\/whistleblowing\/#breadcrumb","itemListElement":[{"@type":"ListItem","position":1,"name":"Home","item":"https:\/\/www.sardaformaggi.it\/en\/"},{"@type":"ListItem","position":2,"name":"Whistleblowing"}]},{"@type":"WebSite","@id":"https:\/\/www.sardaformaggi.it\/#website","url":"https:\/\/www.sardaformaggi.it\/","name":"SARDAFORMAGGI","description":"","publisher":{"@id":"https:\/\/www.sardaformaggi.it\/#organization"},"potentialAction":[{"@type":"SearchAction","target":{"@type":"EntryPoint","urlTemplate":"https:\/\/www.sardaformaggi.it\/?s={search_term_string}"},"query-input":{"@type":"PropertyValueSpecification","valueRequired":true,"valueName":"search_term_string"}}],"inLanguage":"en-US"},{"@type":"Organization","@id":"https:\/\/www.sardaformaggi.it\/#organization","name":"SARDAFORMAGGI","url":"https:\/\/www.sardaformaggi.it\/","logo":{"@type":"ImageObject","inLanguage":"en-US","@id":"https:\/\/www.sardaformaggi.it\/#\/schema\/logo\/image\/","url":"https:\/\/www.sardaformaggi.it\/wp-content\/uploads\/2024\/01\/Sardaformaggi-logo.png","contentUrl":"https:\/\/www.sardaformaggi.it\/wp-content\/uploads\/2024\/01\/Sardaformaggi-logo.png","width":812,"height":394,"caption":"SARDAFORMAGGI"},"image":{"@id":"https:\/\/www.sardaformaggi.it\/#\/schema\/logo\/image\/"},"sameAs":["https:\/\/www.facebook.com\/sardaformaggi","https:\/\/x.com\/sardaformaggi","https:\/\/www.instagram.com\/sardaformaggi\/"]}]}},"_hostinger_reach_plugin_has_subscription_block":false,"_hostinger_reach_plugin_is_elementor":false,"_links":{"self":[{"href":"https:\/\/www.sardaformaggi.it\/en\/wp-json\/wp\/v2\/pages\/19062","targetHints":{"allow":["GET"]}}],"collection":[{"href":"https:\/\/www.sardaformaggi.it\/en\/wp-json\/wp\/v2\/pages"}],"about":[{"href":"https:\/\/www.sardaformaggi.it\/en\/wp-json\/wp\/v2\/types\/page"}],"author":[{"embeddable":true,"href":"https:\/\/www.sardaformaggi.it\/en\/wp-json\/wp\/v2\/users\/3"}],"replies":[{"embeddable":true,"href":"https:\/\/www.sardaformaggi.it\/en\/wp-json\/wp\/v2\/comments?post=19062"}],"version-history":[{"count":0,"href":"https:\/\/www.sardaformaggi.it\/en\/wp-json\/wp\/v2\/pages\/19062\/revisions"}],"wp:attachment":[{"href":"https:\/\/www.sardaformaggi.it\/en\/wp-json\/wp\/v2\/media?parent=19062"}],"curies":[{"name":"wp","href":"https:\/\/api.w.org\/{rel}","templated":true}]}}